{"id":7880,"date":"2023-07-20T13:53:39","date_gmt":"2023-07-20T11:53:39","guid":{"rendered":"https:\/\/www.vebowag.de\/?page_id=7880"},"modified":"2025-03-28T08:35:23","modified_gmt":"2025-03-28T07:35:23","slug":"karriere","status":"publish","type":"page","link":"https:\/\/www.vebowag.de\/en\/unternehmen\/karriere\/","title":{"rendered":"Freie Stellen bei der VEBOWAG"},"content":{"rendered":"\n<h1 class=\"wp-block-heading\">Freie Stellen bei der VEBOWAG<\/h1>\n\n\n\n<p>Wir sind ein modernes kommunales Wohnungsunternehmen mit \u00fcber 6.600 Wohnungen. Mit 70 Mitarbeiterinnen und Mitarbeitern bieten wir f\u00fcr die Bonner Bev\u00f6lkerung ein zeitgem\u00e4\u00dfes und bezahlbares Zuhause.<\/p>\n\n\n\n<p>Zur Verst\u00e4rkung unseres Teams suchen wir zum n\u00e4chstm\u00f6glichen Zeitpunkt:<\/p>\n\n\n<div id=\"accordion-1\" class=\"accordion no-js\"><\/p>\n\n\n<p>\n\t\t\t\t\t<h5 role=\"button\" id=\"accordion-1-t1\" class=\"accordion-title js-accordion-controller\" aria-controls=\"accordion-1-c1\" aria-expanded=\"false\" tabindex=\"0\">\n\t\t\t\t<b>Bauleiter (m\/w\/d)<\/b>\t\t\t<\/h5>\n\t\t\n\t\t<div id=\"accordion-1-c1\" class=\"accordion-content\" aria-hidden=\"true\">\n\t\t\t<\/p>\n\n\n<p><b>Ihr Profil:<\/b><\/p>\n<ul>\n<li>Studium im Bauingenieurwesen, staatlich gepr\u00fcfter Hochbautechniker oder Meister<\/li>\n<li>mehrj\u00e4hrige Berufserfahrung in der Bauleitung Geschosswohnungsbau (\u00f6ffentlich gef\u00f6rderter Wohnungsbau) sowie Modernisierungsma\u00dfnahmen bewohnter Bestandsgeb\u00e4ude<\/li>\n<li>gute Kenntnisse in MS-Office sowie anderer einschl\u00e4giger Software<\/li>\n<li>Erfahrungen in der Erstellung von Massenermittlungen und Leistungsverzeichnissen<\/li>\n<li>Kalkulationserfahrung<\/li>\n<li>selbstst\u00e4ndige und engagierte Arbeitsweise<\/li>\n<li>pr\u00e4zises und verantwortungsbewusstes Handeln<\/li>\n<li>Team- und Integrationsf\u00e4higkeit<\/li>\n<li>gute Kenntnisse im Bauvertragsrecht, VOB und HOAI<\/li>\n<li>Kreativit\u00e4t<\/li>\n<li>sicheres Auftreten gegen\u00fcber den am Bau Beteiligten sowie Verhandlungssicherheit<\/li>\n<li>kostenbewusstes Denken und Handeln<\/li>\n<\/ul>\n<p><b>Ihre Aufgaben:<\/b><\/p>\n<ul>\n<li>Mitwirkung bei der Planung sowie Vorbereitung, Betreuung und Unterst\u00fctzung der Hochbau- sowie Modernisierungsma\u00dfnahmen<\/li>\n<li>technische und wirtschaftliche Pr\u00fcfung von Nachunternehmerangeboten und Einbauteilen<\/li>\n<li>Bau\u00fcberwachung, Fertigen von Aufma\u00dfen und Abrechnungen<\/li>\n<li>Auf- und Nachtragsmanagement<\/li>\n<li>allgemeiner Schriftverkehr und Kontaktpflege mit den am Bau Beteiligten<\/li>\n<li>Kostenkontrolle im Rahmen der Projektabwicklung<\/li>\n<li>Probleml\u00f6sungen aus dem Bauablauf<\/li>\n<li>Durchf\u00fchrung von Abnahmen, M\u00e4ngel- und Gew\u00e4hrleistungsverfolgung<\/li>\n<\/ul>\n<p><b>Wir bieten:<\/b><\/p>\n<ul>\n<li>sympathisches Team, das sich auf Ihre Unterst\u00fctzung freut<\/li>\n<li>modernen Arbeitsplatz mit unbefristetem Arbeitsvertrag und betrieblicher Zusatzversorgung<\/li>\n<li>flexible Arbeitszeiten und mobiles Arbeiten, um unter anderem die Vereinbarkeit von Familie und Beruf zu unterst\u00fctzen<\/li>\n<li>tolle Mitarbeiter-Events<\/li>\n<li>30 Tage Urlaub und zus\u00e4tzliche freie Tage<\/li>\n<li>eine gute Anbindung an den \u00d6PNV und Fahrtkostenzuschuss zum Arbeitsplatz<\/li>\n<li>kostenlos Wasser, Tee und Kaffee<\/li>\n<li>\u2026 und das Beste, jede Menge Spa\u00df bei der Arbeit<\/li>\n<\/ul>\n\n\n\n<p>\t\t<\/div>\n\n\t\t<\/p>\n\n\n<p><\/div>\n\n\n\n<p>Interesse geweckt? Dann rufen Sie gern Natalija Horn unter 0228 9158-210 an oder schicken ihr eine E-Mail an horn@vebowag.de.<\/p>\n\n\n\n<p>Wir freuen uns auf Ihre aussagekr\u00e4ftige Bewerbung!<\/p>\n","protected":false},"excerpt":{"rendered":"<p>Freie Stellen bei der VEBOWAG Wir sind ein modernes kommunales Wohnungsunternehmen mit \u00fcber 6.600 Wohnungen. Mit 70 Mitarbeiterinnen und Mitarbeitern bieten wir f\u00fcr die Bonner Bev\u00f6lkerung ein zeitgem\u00e4\u00dfes und bezahlbares Zuhause. Zur Verst\u00e4rkung unseres Teams suchen wir zum n\u00e4chstm\u00f6glichen Zeitpunkt: Interesse geweckt? Dann rufen Sie gern Natalija Horn unter 0228 &#8230; <a class=\"read-more\" href=\"https:\/\/www.vebowag.de\/en\/unternehmen\/karriere\/\">Weiterlesen&nbsp;&raquo;<\/a><\/p>\n","protected":false},"author":2,"featured_media":0,"parent":62,"menu_order":6,"comment_status":"closed","ping_status":"closed","template":"","meta":{"_uag_custom_page_level_css":"","footnotes":""},"class_list":["post-7880","page","type-page","status-publish","hentry"],"translation":{"provider":"WPGlobus","version":"3.0.0","language":"en","enabled_languages":["de","en"],"languages":{"de":{"title":true,"content":true,"excerpt":false},"en":{"title":false,"content":false,"excerpt":false}}},"yoast_head":"<!-- This site is optimized with the Yoast SEO plugin v23.8 - https:\/\/yoast.com\/wordpress\/plugins\/seo\/ -->\n<title>Freie Stellen bei der VEBOWAG - VEBOWAG<\/title>\n<meta name=\"robots\" content=\"index, follow, max-snippet:-1, max-image-preview:large, max-video-preview:-1\" \/>\n<link rel=\"canonical\" href=\"https:\/\/www.vebowag.de\/unternehmen\/karriere\/\" \/>\n<meta property=\"og:locale\" content=\"en_US\" \/>\n<meta property=\"og:type\" content=\"article\" \/>\n<meta property=\"og:title\" content=\"Freie Stellen bei der VEBOWAG - VEBOWAG\" \/>\n<meta property=\"og:url\" content=\"https:\/\/www.vebowag.de\/unternehmen\/karriere\/\" \/>\n<meta property=\"og:site_name\" content=\"VEBOWAG\" \/>\n<meta property=\"article:publisher\" content=\"https:\/\/www.facebook.com\/vebowag\/\" \/>\n<meta property=\"article:modified_time\" content=\"2025-03-28T07:35:23+00:00\" \/>\n<meta name=\"twitter:card\" content=\"summary_large_image\" \/>\n<meta name=\"twitter:site\" content=\"@vebowag\" \/>\n<meta name=\"twitter:label1\" content=\"Est. reading time\" \/>\n\t<meta name=\"twitter:data1\" content=\"2 minutes\" \/>\n<script type=\"application\/ld+json\" class=\"yoast-schema-graph\">{\"@context\":\"https:\/\/schema.org\",\"@graph\":[{\"@type\":\"WebPage\",\"@id\":\"https:\/\/www.vebowag.de\/unternehmen\/karriere\/\",\"url\":\"https:\/\/www.vebowag.de\/unternehmen\/karriere\/\",\"name\":\"Freie Stellen bei der VEBOWAG - VEBOWAG\",\"isPartOf\":{\"@id\":\"https:\/\/www.vebowag.de\/#website\"},\"datePublished\":\"2023-07-20T11:53:39+00:00\",\"dateModified\":\"2025-03-28T07:35:23+00:00\",\"breadcrumb\":{\"@id\":\"https:\/\/www.vebowag.de\/unternehmen\/karriere\/#breadcrumb\"},\"inLanguage\":\"en-EN\",\"potentialAction\":[{\"@type\":\"ReadAction\",\"target\":[\"https:\/\/www.vebowag.de\/unternehmen\/karriere\/\"]}]},{\"@type\":\"BreadcrumbList\",\"@id\":\"https:\/\/www.vebowag.de\/unternehmen\/karriere\/#breadcrumb\",\"itemListElement\":[{\"@type\":\"ListItem\",\"position\":1,\"name\":\"Home\",\"item\":\"https:\/\/www.vebowag.de\/\"},{\"@type\":\"ListItem\",\"position\":2,\"name\":\"Unternehmen\",\"item\":\"https:\/\/www.vebowag.de\/unternehmen\/\"},{\"@type\":\"ListItem\",\"position\":3,\"name\":\"Freie Stellen bei der VEBOWAG\"}]},{\"@type\":\"WebSite\",\"@id\":\"https:\/\/www.vebowag.de\/#website\",\"url\":\"https:\/\/www.vebowag.de\/\",\"name\":\"VEBOWAG\",\"description\":\"Mein Zuhause in Bonn\",\"potentialAction\":[{\"@type\":\"SearchAction\",\"target\":{\"@type\":\"EntryPoint\",\"urlTemplate\":\"https:\/\/www.vebowag.de\/?s={search_term_string}\"},\"query-input\":{\"@type\":\"PropertyValueSpecification\",\"valueRequired\":true,\"valueName\":\"search_term_string\"}}],\"inLanguage\":\"en-EN\"}]}<\/script>\n<!-- \/ Yoast SEO plugin. -->","yoast_head_json":{"title":"Freie Stellen bei der VEBOWAG - VEBOWAG","robots":{"index":"index","follow":"follow","max-snippet":"max-snippet:-1","max-image-preview":"max-image-preview:large","max-video-preview":"max-video-preview:-1"},"canonical":"https:\/\/www.vebowag.de\/unternehmen\/karriere\/","og_locale":"en_US","og_type":"article","og_title":"Freie Stellen bei der VEBOWAG - VEBOWAG","og_url":"https:\/\/www.vebowag.de\/unternehmen\/karriere\/","og_site_name":"VEBOWAG","article_publisher":"https:\/\/www.facebook.com\/vebowag\/","article_modified_time":"2025-03-28T07:35:23+00:00","twitter_card":"summary_large_image","twitter_site":"@vebowag","twitter_misc":{"Est. reading time":"2 minutes"},"schema":{"@context":"https:\/\/schema.org","@graph":[{"@type":"WebPage","@id":"https:\/\/www.vebowag.de\/unternehmen\/karriere\/","url":"https:\/\/www.vebowag.de\/unternehmen\/karriere\/","name":"Freie Stellen bei der VEBOWAG - VEBOWAG","isPartOf":{"@id":"https:\/\/www.vebowag.de\/#website"},"datePublished":"2023-07-20T11:53:39+00:00","dateModified":"2025-03-28T07:35:23+00:00","breadcrumb":{"@id":"https:\/\/www.vebowag.de\/unternehmen\/karriere\/#breadcrumb"},"inLanguage":"en-EN","potentialAction":[{"@type":"ReadAction","target":["https:\/\/www.vebowag.de\/unternehmen\/karriere\/"]}]},{"@type":"BreadcrumbList","@id":"https:\/\/www.vebowag.de\/unternehmen\/karriere\/#breadcrumb","itemListElement":[{"@type":"ListItem","position":1,"name":"Home","item":"https:\/\/www.vebowag.de\/"},{"@type":"ListItem","position":2,"name":"Unternehmen","item":"https:\/\/www.vebowag.de\/unternehmen\/"},{"@type":"ListItem","position":3,"name":"Freie Stellen bei der VEBOWAG"}]},{"@type":"WebSite","@id":"https:\/\/www.vebowag.de\/#website","url":"https:\/\/www.vebowag.de\/","name":"VEBOWAG","description":"Mein Zuhause in Bonn","potentialAction":[{"@type":"SearchAction","target":{"@type":"EntryPoint","urlTemplate":"https:\/\/www.vebowag.de\/?s={search_term_string}"},"query-input":{"@type":"PropertyValueSpecification","valueRequired":true,"valueName":"search_term_string"}}],"inLanguage":"en-EN"}]}},"uagb_featured_image_src":{"full":false,"thumbnail":false,"medium":false,"medium_large":false,"large":false,"1536x1536":false,"2048x2048":false,"home":false,"list":false},"uagb_author_info":{"display_name":"Norbert Krey","author_link":"https:\/\/www.vebowag.de\/en\/author\/krey\/"},"uagb_comment_info":0,"uagb_excerpt":"Freie Stellen bei der VEBOWAG Wir sind ein modernes kommunales Wohnungsunternehmen mit \u00fcber 6.600 Wohnungen. Mit 70 Mitarbeiterinnen und Mitarbeitern bieten wir f\u00fcr die Bonner Bev\u00f6lkerung ein zeitgem\u00e4\u00dfes und bezahlbares Zuhause. Zur Verst\u00e4rkung unseres Teams suchen wir zum n\u00e4chstm\u00f6glichen Zeitpunkt: Interesse geweckt? Dann rufen Sie gern Natalija Horn unter 0228 ... Weiterlesen&nbsp;&raquo;","_links":{"self":[{"href":"https:\/\/www.vebowag.de\/en\/wp-json\/wp\/v2\/pages\/7880"}],"collection":[{"href":"https:\/\/www.vebowag.de\/en\/wp-json\/wp\/v2\/pages"}],"about":[{"href":"https:\/\/www.vebowag.de\/en\/wp-json\/wp\/v2\/types\/page"}],"author":[{"embeddable":true,"href":"https:\/\/www.vebowag.de\/en\/wp-json\/wp\/v2\/users\/2"}],"replies":[{"embeddable":true,"href":"https:\/\/www.vebowag.de\/en\/wp-json\/wp\/v2\/comments?post=7880"}],"version-history":[{"count":23,"href":"https:\/\/www.vebowag.de\/en\/wp-json\/wp\/v2\/pages\/7880\/revisions"}],"predecessor-version":[{"id":8169,"href":"https:\/\/www.vebowag.de\/en\/wp-json\/wp\/v2\/pages\/7880\/revisions\/8169"}],"up":[{"embeddable":true,"href":"https:\/\/www.vebowag.de\/en\/wp-json\/wp\/v2\/pages\/62"}],"wp:attachment":[{"href":"https:\/\/www.vebowag.de\/en\/wp-json\/wp\/v2\/media?parent=7880"}],"curies":[{"name":"wp","href":"https:\/\/api.w.org\/{rel}","templated":true}]}}