{"id":56,"date":"2015-12-11T15:05:04","date_gmt":"2015-12-11T14:05:04","guid":{"rendered":"http:\/\/www.vebowag.dev\/?page_id=56"},"modified":"2019-03-06T15:11:42","modified_gmt":"2019-03-06T14:11:42","slug":"neubauprojekte","status":"publish","type":"page","link":"https:\/\/www.vebowag.de\/en\/neubauprojekte\/","title":{"rendered":"New building projects"},"content":{"rendered":"<h1>Wir bauen f\u00fcr Bonn<\/h1>\n<p>Als st\u00e4dtisches Wohnungsunternehmen stellt sich die VEBOWAG den Anforderungen, bezahlbaren Wohnraum f\u00fcr alle Generationen in Bonn zu schaffen. Der Neubau von \u00f6ffentlich gef\u00f6rderten Wohnungen steht daher seit einigen Jahren wieder im Fokus unserer Gesch\u00e4ftspolitik.<\/p>\n","protected":false},"excerpt":{"rendered":"<p>Wir bauen f\u00fcr Bonn Als st\u00e4dtisches Wohnungsunternehmen stellt sich die VEBOWAG den Anforderungen, bezahlbaren Wohnraum f\u00fcr alle Generationen in Bonn zu schaffen. Der Neubau von \u00f6ffentlich gef\u00f6rderten Wohnungen steht daher seit einigen Jahren wieder im Fokus unserer Gesch\u00e4ftspolitik.<\/p>\n","protected":false},"author":1,"featured_media":0,"parent":0,"menu_order":5,"comment_status":"closed","ping_status":"closed","template":"","meta":{"_uag_custom_page_level_css":"","footnotes":""},"class_list":["post-56","page","type-page","status-publish","hentry"],"translation":{"provider":"WPGlobus","version":"3.0.0","language":"en","enabled_languages":["de","en"],"languages":{"de":{"title":true,"content":true,"excerpt":false},"en":{"title":true,"content":false,"excerpt":false}}},"yoast_head":"<!-- This site is optimized with the Yoast SEO plugin v23.8 - https:\/\/yoast.com\/wordpress\/plugins\/seo\/ -->\n<title>New building projects - VEBOWAG<\/title>\n<meta name=\"robots\" content=\"index, follow, max-snippet:-1, max-image-preview:large, max-video-preview:-1\" \/>\n<link rel=\"canonical\" href=\"https:\/\/www.vebowag.de\/en\/neubauprojekte\/\" \/>\n<meta property=\"og:locale\" content=\"en_US\" \/>\n<meta property=\"og:type\" content=\"article\" \/>\n<meta property=\"og:title\" content=\"New building projects - VEBOWAG\" \/>\n<meta property=\"og:url\" content=\"https:\/\/www.vebowag.de\/en\/neubauprojekte\/\" \/>\n<meta property=\"og:site_name\" content=\"VEBOWAG\" \/>\n<meta property=\"article:publisher\" content=\"https:\/\/www.facebook.com\/vebowag\/\" \/>\n<meta property=\"article:modified_time\" content=\"2019-03-06T14:11:42+00:00\" \/>\n<meta name=\"twitter:card\" content=\"summary_large_image\" \/>\n<meta name=\"twitter:site\" content=\"@vebowag\" \/>\n<script type=\"application\/ld+json\" class=\"yoast-schema-graph\">{\"@context\":\"https:\/\/schema.org\",\"@graph\":[{\"@type\":\"WebPage\",\"@id\":\"https:\/\/www.vebowag.de\/en\/neubauprojekte\/\",\"url\":\"https:\/\/www.vebowag.de\/en\/neubauprojekte\/\",\"name\":\"New building projects - VEBOWAG\",\"isPartOf\":{\"@id\":\"https:\/\/www.vebowag.de\/#website\"},\"datePublished\":\"2015-12-11T14:05:04+00:00\",\"dateModified\":\"2019-03-06T14:11:42+00:00\",\"breadcrumb\":{\"@id\":\"https:\/\/www.vebowag.de\/en\/neubauprojekte\/#breadcrumb\"},\"inLanguage\":\"en-EN\",\"potentialAction\":[{\"@type\":\"ReadAction\",\"target\":[\"https:\/\/www.vebowag.de\/en\/neubauprojekte\/\"]}]},{\"@type\":\"BreadcrumbList\",\"@id\":\"https:\/\/www.vebowag.de\/en\/neubauprojekte\/#breadcrumb\",\"itemListElement\":[{\"@type\":\"ListItem\",\"position\":1,\"name\":\"Home\",\"item\":\"https:\/\/www.vebowag.de\/\"},{\"@type\":\"ListItem\",\"position\":2,\"name\":\"New building projects\"}]},{\"@type\":\"WebSite\",\"@id\":\"https:\/\/www.vebowag.de\/#website\",\"url\":\"https:\/\/www.vebowag.de\/\",\"name\":\"VEBOWAG\",\"description\":\"Mein Zuhause in Bonn\",\"potentialAction\":[{\"@type\":\"SearchAction\",\"target\":{\"@type\":\"EntryPoint\",\"urlTemplate\":\"https:\/\/www.vebowag.de\/?s={search_term_string}\"},\"query-input\":{\"@type\":\"PropertyValueSpecification\",\"valueRequired\":true,\"valueName\":\"search_term_string\"}}],\"inLanguage\":\"en-EN\"}]}<\/script>\n<!-- \/ Yoast SEO plugin. -->","yoast_head_json":{"title":"New building projects - VEBOWAG","robots":{"index":"index","follow":"follow","max-snippet":"max-snippet:-1","max-image-preview":"max-image-preview:large","max-video-preview":"max-video-preview:-1"},"canonical":"https:\/\/www.vebowag.de\/en\/neubauprojekte\/","og_locale":"en_US","og_type":"article","og_title":"New building projects - VEBOWAG","og_url":"https:\/\/www.vebowag.de\/en\/neubauprojekte\/","og_site_name":"VEBOWAG","article_publisher":"https:\/\/www.facebook.com\/vebowag\/","article_modified_time":"2019-03-06T14:11:42+00:00","twitter_card":"summary_large_image","twitter_site":"@vebowag","schema":{"@context":"https:\/\/schema.org","@graph":[{"@type":"WebPage","@id":"https:\/\/www.vebowag.de\/en\/neubauprojekte\/","url":"https:\/\/www.vebowag.de\/en\/neubauprojekte\/","name":"New building projects - VEBOWAG","isPartOf":{"@id":"https:\/\/www.vebowag.de\/#website"},"datePublished":"2015-12-11T14:05:04+00:00","dateModified":"2019-03-06T14:11:42+00:00","breadcrumb":{"@id":"https:\/\/www.vebowag.de\/en\/neubauprojekte\/#breadcrumb"},"inLanguage":"en-EN","potentialAction":[{"@type":"ReadAction","target":["https:\/\/www.vebowag.de\/en\/neubauprojekte\/"]}]},{"@type":"BreadcrumbList","@id":"https:\/\/www.vebowag.de\/en\/neubauprojekte\/#breadcrumb","itemListElement":[{"@type":"ListItem","position":1,"name":"Home","item":"https:\/\/www.vebowag.de\/"},{"@type":"ListItem","position":2,"name":"New building projects"}]},{"@type":"WebSite","@id":"https:\/\/www.vebowag.de\/#website","url":"https:\/\/www.vebowag.de\/","name":"VEBOWAG","description":"Mein Zuhause in Bonn","potentialAction":[{"@type":"SearchAction","target":{"@type":"EntryPoint","urlTemplate":"https:\/\/www.vebowag.de\/?s={search_term_string}"},"query-input":{"@type":"PropertyValueSpecification","valueRequired":true,"valueName":"search_term_string"}}],"inLanguage":"en-EN"}]}},"uagb_featured_image_src":{"full":false,"thumbnail":false,"medium":false,"medium_large":false,"large":false,"1536x1536":false,"2048x2048":false,"home":false,"list":false},"uagb_author_info":{"display_name":"danyel","author_link":"https:\/\/www.vebowag.de\/en\/author\/danyel\/"},"uagb_comment_info":0,"uagb_excerpt":"Wir bauen f\u00fcr Bonn Als st\u00e4dtisches Wohnungsunternehmen stellt sich die VEBOWAG den Anforderungen, bezahlbaren Wohnraum f\u00fcr alle Generationen in Bonn zu schaffen. Der Neubau von \u00f6ffentlich gef\u00f6rderten Wohnungen steht daher seit einigen Jahren wieder im Fokus unserer Gesch\u00e4ftspolitik.","_links":{"self":[{"href":"https:\/\/www.vebowag.de\/en\/wp-json\/wp\/v2\/pages\/56"}],"collection":[{"href":"https:\/\/www.vebowag.de\/en\/wp-json\/wp\/v2\/pages"}],"about":[{"href":"https:\/\/www.vebowag.de\/en\/wp-json\/wp\/v2\/types\/page"}],"author":[{"embeddable":true,"href":"https:\/\/www.vebowag.de\/en\/wp-json\/wp\/v2\/users\/1"}],"replies":[{"embeddable":true,"href":"https:\/\/www.vebowag.de\/en\/wp-json\/wp\/v2\/comments?post=56"}],"version-history":[{"count":18,"href":"https:\/\/www.vebowag.de\/en\/wp-json\/wp\/v2\/pages\/56\/revisions"}],"predecessor-version":[{"id":2277,"href":"https:\/\/www.vebowag.de\/en\/wp-json\/wp\/v2\/pages\/56\/revisions\/2277"}],"wp:attachment":[{"href":"https:\/\/www.vebowag.de\/en\/wp-json\/wp\/v2\/media?parent=56"}],"curies":[{"name":"wp","href":"https:\/\/api.w.org\/{rel}","templated":true}]}}