{"id":121,"date":"2015-12-11T16:22:37","date_gmt":"2015-12-11T15:22:37","guid":{"rendered":"http:\/\/www.vebowag.dev\/?page_id=121"},"modified":"2024-12-09T12:18:41","modified_gmt":"2024-12-09T11:18:41","slug":"impressum","status":"publish","type":"page","link":"https:\/\/www.vebowag.de\/en\/impressum\/","title":{"rendered":"Imprint"},"content":{"rendered":"<h3>Allgemeine Bedingungen zur Nutzung der Website<\/h3>\n<p>Der Zugriff auf die Website und deren Benutzung unterliegen den nachstehenden Website-Bedingungen und den geltenden Gesetzen. Durch den Zugriff und das Durchbl\u00e4ttern der Website akzeptieren Sie ohne Einschr\u00e4nkung oder Vorbehalt die Website-Bedingungen. Bitte beachten Sie, dass die vorliegenden Website-Bedingungen durch Aktualisieren dieser Seite jederzeit ge\u00e4ndert werden k\u00f6nnen. Die Vereinigte Bonner Wohnungsbau AG weist darauf hin, dass die \u00dcbertretung der Website-Bedingungen und die Verletzung der Schutzrechte zivil- und\/oder strafrechtliche Folgen nach sich ziehen kann.<\/p>\n<p><strong>1. Rechtsschutz<\/strong><\/p>\n<p>Die gesamten Inhalte der Website, einschlie\u00dflich Text, Bildern, graphischen Darstellungen, Audio- oder Videodateien sind \u2013 soweit nicht anders vermerkt \u2013 rechtlich gesch\u00fctzt und d\u00fcrfen ohne schriftliche Genehmigung der Vereinigte Bonner Wohnungsbau AG f\u00fcr \u00f6ffentliche oder gewerbliche Zwecke nicht vertrieben, ver\u00e4ndert, \u00fcbertragen, wiederverwendet, neu bereitgestellt, verwertet oder auf sonstige Weise benutzt werden.<\/p>\n<p><strong>2. Haftungsausschluss<\/strong><\/p>\n<p>Die Informationen auf der Website wurden mit aller Sorgfalt zusammengestellt. Dennoch k\u00f6nnen wir weder f\u00fcr die Vollst\u00e4ndigkeit noch f\u00fcr die Richtigkeit garantieren. Die Vereinigte Bonner Wohnungsbau AG \u00fcbernimmt keinerlei Haftung f\u00fcr Fehler in den Inhalten der Website. Die Vereinigte Bonner Wohnungsbau AG \u00fcbernimmt keine Verantwortung f\u00fcr Handlungen, die auf der Grundlage dieser Website vorgenommen wurden. Die Benutzung der Website sowie das Herunterladen von Daten erfolgen auf eigene Gefahr. Die Vereinigte Bonner Wohnungsbau AG \u00fcbernimmt keine Verantwortung f\u00fcr hieraus entstehende Sch\u00e4den, insbesondere an Datenbest\u00e4nden oder der Hard- oder Software des Benutzers. Unaufgeforderte Nachrichten oder sonstiges Material, die per E-Mail oder in anderer Form an die Website gesendet werden, werden von der Vereinigte Bonner Wohnungsbau AG nicht als vertraulich behandelt. Mit dem Abschicken der Materialien r\u00e4umt der Absender alle Rechte einschlie\u00dflich Vervielf\u00e4ltigung, Bekanntgabe, \u00dcbermittlung, Ver\u00f6ffentlichung, Wiedergabe, Bereitstellung und Verwertung der Vereinigte Bonner Wohnungsbau AG ein. Auf dieser Website finden sich eine Vielzahl von Hyperlinks zu anderen Websites. Die Vereinigte Bonner Wohnungsbau AG \u00fcbernimmt keine Gew\u00e4hr f\u00fcr die Inhalte dieser Websites.<\/p>\n<p><strong>3. Datenschutz<\/strong><\/p>\n<p>Bei der Nutzung unserer Dienste werden Sie eventuell um die Angabe pers\u00f6nlicher Informationen gebeten. Ihre pers\u00f6nlichen Daten werden entsprechend den deutschen Datenschutzbestimmungen gespeichert und verarbeitet. Die im Rahmen dieser Webseiten erhobenen personenbezogenen Daten werden zum Zweck der Bearbeitung Ihrer Anfragen genutzt. Eine Verarbeitung und Nutzung Ihrer Daten f\u00fcr Zwecke der Werbung und der Marktforschung erfolgt nur mit Ihrer ausdr\u00fccklichen Zustimmung.<\/p>\n<p><strong>4. Datennutzung<\/strong><\/p>\n<p>Mit der Nutzung der Website gibt der User sein Einverst\u00e4ndnis f\u00fcr die Verwertung und Auswertung seines Userverhaltens. Der Vereinigte Bonner Wohnungsbau AG steht es frei, zu angemessenen Zwecken \u00fcber diese Informationen zu verf\u00fcgen. Die Bestimmungen des Bundesdatenschutzgesetzes und dem Digitalen-Dienste-Gesetz sowie Anspr\u00fcche des Nutzers aus geistigen oder gewerblichen Schutzrechten bleiben unber\u00fchrt.<\/p>\n<p><strong>5. Sonstiges<\/strong><\/p>\n<p>Es gilt deutsches Recht. Sollte eine der Bestimmungen dieser Bedingungen unwirksam sein oder werden, so soll davon die G\u00fcltigkeit der \u00fcbrigen Bestimmungen nicht ber\u00fchrt werden. An die Stelle der unwirksamen Bestimmung tritt eine solche, die in zul\u00e4ssiger Weise den Interessen der Parteien am ehesten gerecht wird.<\/p>\n<h3><\/h3>\n","protected":false},"excerpt":{"rendered":"<p>Allgemeine Bedingungen zur Nutzung der Website Der Zugriff auf die Website und deren Benutzung unterliegen den nachstehenden Website-Bedingungen und den geltenden Gesetzen. Durch den Zugriff und das Durchbl\u00e4ttern der Website akzeptieren Sie ohne Einschr\u00e4nkung oder Vorbehalt die Website-Bedingungen. Bitte beachten Sie, dass die vorliegenden Website-Bedingungen durch Aktualisieren dieser Seite jederzeit &#8230; <a class=\"read-more\" href=\"https:\/\/www.vebowag.de\/en\/impressum\/\">Weiterlesen&nbsp;&raquo;<\/a><\/p>\n","protected":false},"author":1,"featured_media":0,"parent":0,"menu_order":6,"comment_status":"closed","ping_status":"closed","template":"","meta":{"_uag_custom_page_level_css":"","footnotes":""},"class_list":["post-121","page","type-page","status-publish","hentry"],"translation":{"provider":"WPGlobus","version":"3.0.0","language":"en","enabled_languages":["de","en"],"languages":{"de":{"title":true,"content":true,"excerpt":false},"en":{"title":true,"content":false,"excerpt":false}}},"yoast_head":"<!-- This site is optimized with the Yoast SEO plugin v23.8 - https:\/\/yoast.com\/wordpress\/plugins\/seo\/ -->\n<title>Imprint - VEBOWAG<\/title>\n<meta name=\"robots\" content=\"index, follow, max-snippet:-1, max-image-preview:large, max-video-preview:-1\" \/>\n<link rel=\"canonical\" href=\"https:\/\/www.vebowag.de\/impressum\/\" \/>\n<meta property=\"og:locale\" content=\"en_US\" \/>\n<meta property=\"og:type\" content=\"article\" \/>\n<meta property=\"og:title\" content=\"Imprint - VEBOWAG\" \/>\n<meta property=\"og:url\" content=\"https:\/\/www.vebowag.de\/impressum\/\" \/>\n<meta property=\"og:site_name\" content=\"VEBOWAG\" \/>\n<meta property=\"article:publisher\" content=\"https:\/\/www.facebook.com\/vebowag\/\" \/>\n<meta property=\"article:modified_time\" content=\"2024-12-09T11:18:41+00:00\" \/>\n<meta name=\"twitter:card\" content=\"summary_large_image\" \/>\n<meta name=\"twitter:site\" content=\"@vebowag\" \/>\n<meta name=\"twitter:label1\" content=\"Est. reading time\" \/>\n\t<meta name=\"twitter:data1\" content=\"3 minutes\" \/>\n<script type=\"application\/ld+json\" class=\"yoast-schema-graph\">{\"@context\":\"https:\/\/schema.org\",\"@graph\":[{\"@type\":\"WebPage\",\"@id\":\"https:\/\/www.vebowag.de\/impressum\/\",\"url\":\"https:\/\/www.vebowag.de\/impressum\/\",\"name\":\"Imprint - VEBOWAG\",\"isPartOf\":{\"@id\":\"https:\/\/www.vebowag.de\/#website\"},\"datePublished\":\"2015-12-11T15:22:37+00:00\",\"dateModified\":\"2024-12-09T11:18:41+00:00\",\"breadcrumb\":{\"@id\":\"https:\/\/www.vebowag.de\/impressum\/#breadcrumb\"},\"inLanguage\":\"en-EN\",\"potentialAction\":[{\"@type\":\"ReadAction\",\"target\":[\"https:\/\/www.vebowag.de\/impressum\/\"]}]},{\"@type\":\"BreadcrumbList\",\"@id\":\"https:\/\/www.vebowag.de\/impressum\/#breadcrumb\",\"itemListElement\":[{\"@type\":\"ListItem\",\"position\":1,\"name\":\"Home\",\"item\":\"https:\/\/www.vebowag.de\/\"},{\"@type\":\"ListItem\",\"position\":2,\"name\":\"Impressum\"}]},{\"@type\":\"WebSite\",\"@id\":\"https:\/\/www.vebowag.de\/#website\",\"url\":\"https:\/\/www.vebowag.de\/\",\"name\":\"VEBOWAG\",\"description\":\"Mein Zuhause in Bonn\",\"potentialAction\":[{\"@type\":\"SearchAction\",\"target\":{\"@type\":\"EntryPoint\",\"urlTemplate\":\"https:\/\/www.vebowag.de\/?s={search_term_string}\"},\"query-input\":{\"@type\":\"PropertyValueSpecification\",\"valueRequired\":true,\"valueName\":\"search_term_string\"}}],\"inLanguage\":\"en-EN\"}]}<\/script>\n<!-- \/ Yoast SEO plugin. -->","yoast_head_json":{"title":"Imprint - VEBOWAG","robots":{"index":"index","follow":"follow","max-snippet":"max-snippet:-1","max-image-preview":"max-image-preview:large","max-video-preview":"max-video-preview:-1"},"canonical":"https:\/\/www.vebowag.de\/impressum\/","og_locale":"en_US","og_type":"article","og_title":"Imprint - VEBOWAG","og_url":"https:\/\/www.vebowag.de\/impressum\/","og_site_name":"VEBOWAG","article_publisher":"https:\/\/www.facebook.com\/vebowag\/","article_modified_time":"2024-12-09T11:18:41+00:00","twitter_card":"summary_large_image","twitter_site":"@vebowag","twitter_misc":{"Est. reading time":"3 minutes"},"schema":{"@context":"https:\/\/schema.org","@graph":[{"@type":"WebPage","@id":"https:\/\/www.vebowag.de\/impressum\/","url":"https:\/\/www.vebowag.de\/impressum\/","name":"Imprint - VEBOWAG","isPartOf":{"@id":"https:\/\/www.vebowag.de\/#website"},"datePublished":"2015-12-11T15:22:37+00:00","dateModified":"2024-12-09T11:18:41+00:00","breadcrumb":{"@id":"https:\/\/www.vebowag.de\/impressum\/#breadcrumb"},"inLanguage":"en-EN","potentialAction":[{"@type":"ReadAction","target":["https:\/\/www.vebowag.de\/impressum\/"]}]},{"@type":"BreadcrumbList","@id":"https:\/\/www.vebowag.de\/impressum\/#breadcrumb","itemListElement":[{"@type":"ListItem","position":1,"name":"Home","item":"https:\/\/www.vebowag.de\/"},{"@type":"ListItem","position":2,"name":"Impressum"}]},{"@type":"WebSite","@id":"https:\/\/www.vebowag.de\/#website","url":"https:\/\/www.vebowag.de\/","name":"VEBOWAG","description":"Mein Zuhause in Bonn","potentialAction":[{"@type":"SearchAction","target":{"@type":"EntryPoint","urlTemplate":"https:\/\/www.vebowag.de\/?s={search_term_string}"},"query-input":{"@type":"PropertyValueSpecification","valueRequired":true,"valueName":"search_term_string"}}],"inLanguage":"en-EN"}]}},"uagb_featured_image_src":{"full":false,"thumbnail":false,"medium":false,"medium_large":false,"large":false,"1536x1536":false,"2048x2048":false,"home":false,"list":false},"uagb_author_info":{"display_name":"danyel","author_link":"https:\/\/www.vebowag.de\/en\/author\/danyel\/"},"uagb_comment_info":0,"uagb_excerpt":"Allgemeine Bedingungen zur Nutzung der Website Der Zugriff auf die Website und deren Benutzung unterliegen den nachstehenden Website-Bedingungen und den geltenden Gesetzen. Durch den Zugriff und das Durchbl\u00e4ttern der Website akzeptieren Sie ohne Einschr\u00e4nkung oder Vorbehalt die Website-Bedingungen. Bitte beachten Sie, dass die vorliegenden Website-Bedingungen durch Aktualisieren dieser Seite jederzeit ... Weiterlesen&nbsp;&raquo;","_links":{"self":[{"href":"https:\/\/www.vebowag.de\/en\/wp-json\/wp\/v2\/pages\/121"}],"collection":[{"href":"https:\/\/www.vebowag.de\/en\/wp-json\/wp\/v2\/pages"}],"about":[{"href":"https:\/\/www.vebowag.de\/en\/wp-json\/wp\/v2\/types\/page"}],"author":[{"embeddable":true,"href":"https:\/\/www.vebowag.de\/en\/wp-json\/wp\/v2\/users\/1"}],"replies":[{"embeddable":true,"href":"https:\/\/www.vebowag.de\/en\/wp-json\/wp\/v2\/comments?post=121"}],"version-history":[{"count":9,"href":"https:\/\/www.vebowag.de\/en\/wp-json\/wp\/v2\/pages\/121\/revisions"}],"predecessor-version":[{"id":8134,"href":"https:\/\/www.vebowag.de\/en\/wp-json\/wp\/v2\/pages\/121\/revisions\/8134"}],"wp:attachment":[{"href":"https:\/\/www.vebowag.de\/en\/wp-json\/wp\/v2\/media?parent=121"}],"curies":[{"name":"wp","href":"https:\/\/api.w.org\/{rel}","templated":true}]}}